{"id":4694,"date":"2024-07-26T11:32:46","date_gmt":"2024-07-26T09:32:46","guid":{"rendered":"https:\/\/cotonou.diplomatie.gov.bf\/?page_id=4694"},"modified":"2024-09-03T19:56:11","modified_gmt":"2024-09-03T17:56:11","slug":"informations","status":"publish","type":"page","link":"https:\/\/cotonou.diplomatie.gov.bf\/index.php\/informations\/","title":{"rendered":"Informations"},"content":{"rendered":"\t\t<div data-elementor-type=\"wp-page\" data-elementor-id=\"4694\" class=\"elementor elementor-4694\" data-elementor-post-type=\"page\">\n\t\t\t\t<div data-particle_enable=\"false\" data-particle-mobile-disabled=\"false\" class=\"elementor-element elementor-element-836ebdf e-flex e-con-boxed e-con e-parent\" data-id=\"836ebdf\" data-element_type=\"container\" data-e-type=\"container\">\n\t\t\t\t\t<div class=\"e-con-inner\">\n\t\t\t\t<div class=\"elementor-element elementor-element-19741a8 elementor-widget elementor-widget-text-editor\" data-id=\"19741a8\" data-element_type=\"widget\" data-e-type=\"widget\" data-widget_type=\"text-editor.default\">\n\t\t\t\t<div class=\"elementor-widget-container\">\n\t\t\t\t\t\t\t\t\t<p>La communaut\u00e9 burkinab\u00e8 au B\u00e9nin est forte d\u2019environ cinq cent mille (500\u00a0000) personnes r\u00e9parties dans les diff\u00e9rents d\u00e9partements au B\u00e9nin.<\/p><p>Elle est constitu\u00e9e en grande majorit\u00e9 de gourmantch\u00e9s, mossis et peulhs dont la plupart vit dans la partie septentrionale du pays. A ceux-ci s\u2019ajoutent les bissas, samos, sonrha\u00ef qui sont en nombre r\u00e9duit.<\/p><p>Ce sont pour la plupart des agriculteurs et \u00e9leveurs mais on retrouve aussi des artisans, employ\u00e9s de commerce, des fonctionnaires internationaux dans certains organismes pr\u00e9sents au B\u00e9nin et bien d\u2019autres \u00e9voluant dans le secteur lib\u00e9ral.<\/p><p>D\u2019une mani\u00e8re g\u00e9n\u00e9rale, la communaut\u00e9 burkinab\u00e8 vit en parfaite harmonie avec les b\u00e9ninois et ne rencontrent pas de probl\u00e8mes majeurs hormis de rares cas particuliers.<\/p><p>C\u2019est une communaut\u00e9 dont le nombre s\u2019accro\u00eet avec la venue quasi permanente de d\u00e9plac\u00e9s fuyant les zones de conflits frontali\u00e8res avec le B\u00e9nin.<\/p>\t\t\t\t\t\t\t\t<\/div>\n\t\t\t\t<\/div>\n\t\t\t\t\t<\/div>\n\t\t\t\t<\/div>\n\t\t\t\t<\/div>\n\t\t","protected":false},"excerpt":{"rendered":"<p>La communaut\u00e9 burkinab\u00e8 au B\u00e9nin est forte d\u2019environ cinq cent mille (500\u00a0000) personnes r\u00e9parties dans les diff\u00e9rents d\u00e9partements au B\u00e9nin. Elle est constitu\u00e9e en grande majorit\u00e9 de gourmantch\u00e9s, mossis et peulhs dont la plupart vit dans la partie septentrionale du pays. A ceux-ci s\u2019ajoutent les bissas, samos, sonrha\u00ef qui sont en nombre r\u00e9duit. Ce sont [&hellip;]<\/p>\n","protected":false},"author":9,"featured_media":0,"parent":0,"menu_order":0,"comment_status":"closed","ping_status":"closed","template":"elementor_header_footer","meta":{"_acf_changed":false,"_monsterinsights_skip_tracking":false,"_monsterinsights_sitenote_active":false,"_monsterinsights_sitenote_note":"","_monsterinsights_sitenote_category":0,"footnotes":""},"class_list":["post-4694","page","type-page","status-publish","hentry"],"acf":[],"_links":{"self":[{"href":"https:\/\/cotonou.diplomatie.gov.bf\/index.php\/wp-json\/wp\/v2\/pages\/4694","targetHints":{"allow":["GET"]}}],"collection":[{"href":"https:\/\/cotonou.diplomatie.gov.bf\/index.php\/wp-json\/wp\/v2\/pages"}],"about":[{"href":"https:\/\/cotonou.diplomatie.gov.bf\/index.php\/wp-json\/wp\/v2\/types\/page"}],"author":[{"embeddable":true,"href":"https:\/\/cotonou.diplomatie.gov.bf\/index.php\/wp-json\/wp\/v2\/users\/9"}],"replies":[{"embeddable":true,"href":"https:\/\/cotonou.diplomatie.gov.bf\/index.php\/wp-json\/wp\/v2\/comments?post=4694"}],"version-history":[{"count":5,"href":"https:\/\/cotonou.diplomatie.gov.bf\/index.php\/wp-json\/wp\/v2\/pages\/4694\/revisions"}],"predecessor-version":[{"id":5032,"href":"https:\/\/cotonou.diplomatie.gov.bf\/index.php\/wp-json\/wp\/v2\/pages\/4694\/revisions\/5032"}],"wp:attachment":[{"href":"https:\/\/cotonou.diplomatie.gov.bf\/index.php\/wp-json\/wp\/v2\/media?parent=4694"}],"curies":[{"name":"wp","href":"https:\/\/api.w.org\/{rel}","templated":true}]}}